{"id":3416,"date":"2024-04-25T18:34:09","date_gmt":"2024-04-25T16:34:09","guid":{"rendered":"https:\/\/nuancesplurielles.com\/?page_id=3416"},"modified":"2025-01-02T14:56:22","modified_gmt":"2025-01-02T13:56:22","slug":"mentions-legales","status":"publish","type":"page","link":"https:\/\/nuancesplurielles.com\/en\/mentions-legales\/","title":{"rendered":"DISCLAIMER"},"content":{"rendered":"<div data-elementor-type=\"wp-page\" data-elementor-id=\"3416\" class=\"elementor elementor-3416\" data-elementor-post-type=\"page\">\n\t\t\t\t<div class=\"elementor-element elementor-element-88fa489 e-flex e-con-boxed e-con e-parent\" data-id=\"88fa489\" data-element_type=\"container\" data-e-type=\"container\">\n\t\t\t\t\t<div class=\"e-con-inner\">\n\t\t\t\t<div class=\"elementor-element elementor-element-860a4ec elementor-widget elementor-widget-heading\" data-id=\"860a4ec\" data-element_type=\"widget\" data-e-type=\"widget\" data-widget_type=\"heading.default\">\n\t\t\t\t<div class=\"elementor-widget-container\">\n\t\t\t\t\t<h2 class=\"elementor-heading-title elementor-size-default\">DISCLAIMER<\/h2>\t\t\t\t<\/div>\n\t\t\t\t<\/div>\n\t\t\t\t<div class=\"elementor-element elementor-element-f5b64a4 elementor-widget elementor-widget-text-editor\" data-id=\"f5b64a4\" data-element_type=\"widget\" data-e-type=\"widget\" data-widget_type=\"text-editor.default\">\n\t\t\t\t<div class=\"elementor-widget-container\">\n\t\t\t\t\t\t\t\t\t\n<h3 class=\"wp-block-heading\"><strong>Website Publisher :<\/strong><\/h3>\n<p>Nuances Plurielles<br \/>Micro Entreprise<br \/>Arles 13200<br \/>contact@nuancesplurielles.com<br \/>Num\u00e9ro SIREN : 877 974 121<\/p>\n<h3><strong>Publisher :<\/strong><\/h3>\n<p>Nuances Plurielles<\/p>\n<h3><strong>Website Hosting :<\/strong><\/h3>\n<p>OVH SAS<br \/>2 rue Kellermann \u2013 BP 80157 59053 ROUBAIX CEDEX 1 ;<br \/>T\u00e9l\u00e9phone : 1007<\/p>\n<h3>\u00a0<\/h3>\n<h3>\u00a0<\/h3>\n<h3><strong>Intellectual Property :<\/strong><\/h3>\n<p>The content of this website, including but not limited to texts, images, logos, and graphic elements, is the exclusive property of Nuances Plurielles or its content providers and is protected by French and international copyright and intellectual property laws.<\/p>\n<p>Any reproduction, representation, modification, distribution, or partial or total exploitation of this content, by any means whatsoever, without the prior written permission of Nuances Plurielles, is strictly prohibited and may result in legal action.<\/p>\n<h3>\u00a0<\/h3>\n<h3><strong>Personal Data Protection :<\/strong><\/h3>\n<p>For more information on the collection and processing of your personal data, please refer to our Privacy Policy available at the following address: http:\/\/nuancesplurielles.com\/politique-de-confidentialite<\/p>\n<h3>\u00a0<\/h3>\n<h3><strong>Cookies :<\/strong><\/h3>\n<p>This website uses cookies to enhance your user experience. By browsing this site, you consent to the use of cookies in accordance with our Cookie Policy.<\/p>\n<h3>\u00a0<\/h3>\n<h3><strong>External Links :<\/strong><\/h3>\n<p>This website may contain links to third-party sites. Nuances Plurielles has no control over these sites and assumes no responsibility for their content or privacy practices. The inclusion of these links does not constitute an endorsement or recommendation by Nuances Plurielles.<\/p>\n<h3>\u00a0<\/h3>\n<h3><strong>Responsability :<\/strong><\/h3>\n<p>Despite the care taken in the creation and updating of this website, Nuances Plurielles cannot guarantee the accuracy, completeness, or timeliness of the information provided. As a result,  Nuances Plurielles disclaims any responsibility for the use of this information.<\/p>\n<h3>\u00a0<\/h3>\n<h3><strong>Contact :<\/strong><\/h3>\n<p>For any questions or claims regarding this website, please contact us at the following address : legal@nuancesplurielles.com<\/p>\n\t\t\t\t\t\t\t\t<\/div>\n\t\t\t\t<\/div>\n\t\t\t\t\t<\/div>\n\t\t\t\t<\/div>\n\t\t\t\t<\/div>","protected":false},"excerpt":{"rendered":"<p>Mentions L\u00e9gales \u00c9diteur du Site : Nuances PluriellesMicro EntrepriseArles 13200contact@nuancesplurielles.comNum\u00e9ro SIREN : 877 974 121 Directeur de la publication : Nuances Plurielles H\u00e9bergement du Site : OVH SAS2 rue Kellermann \u2013 BP 80157 59053 ROUBAIX CEDEX 1 ;T\u00e9l\u00e9phone : 1007 \u00a0 \u00a0 Propri\u00e9t\u00e9 Intellectuelle : Le contenu de ce site internet, y compris mais sans [&hellip;]<\/p>\n","protected":false},"author":1,"featured_media":0,"parent":0,"menu_order":0,"comment_status":"closed","ping_status":"closed","template":"","meta":{"_acf_changed":false,"_monsterinsights_skip_tracking":false,"_monsterinsights_sitenote_active":false,"_monsterinsights_sitenote_note":"","_monsterinsights_sitenote_category":0,"footnotes":""},"folder":[],"class_list":["post-3416","page","type-page","status-publish","hentry"],"acf":[],"aioseo_notices":[],"_links":{"self":[{"href":"https:\/\/nuancesplurielles.com\/en\/wp-json\/wp\/v2\/pages\/3416","targetHints":{"allow":["GET"]}}],"collection":[{"href":"https:\/\/nuancesplurielles.com\/en\/wp-json\/wp\/v2\/pages"}],"about":[{"href":"https:\/\/nuancesplurielles.com\/en\/wp-json\/wp\/v2\/types\/page"}],"author":[{"embeddable":true,"href":"https:\/\/nuancesplurielles.com\/en\/wp-json\/wp\/v2\/users\/1"}],"replies":[{"embeddable":true,"href":"https:\/\/nuancesplurielles.com\/en\/wp-json\/wp\/v2\/comments?post=3416"}],"version-history":[{"count":30,"href":"https:\/\/nuancesplurielles.com\/en\/wp-json\/wp\/v2\/pages\/3416\/revisions"}],"predecessor-version":[{"id":8663,"href":"https:\/\/nuancesplurielles.com\/en\/wp-json\/wp\/v2\/pages\/3416\/revisions\/8663"}],"wp:attachment":[{"href":"https:\/\/nuancesplurielles.com\/en\/wp-json\/wp\/v2\/media?parent=3416"}],"wp:term":[{"taxonomy":"folder","embeddable":true,"href":"https:\/\/nuancesplurielles.com\/en\/wp-json\/wp\/v2\/folder?post=3416"}],"curies":[{"name":"wp","href":"https:\/\/api.w.org\/{rel}","templated":true}]}}