{"id":55,"date":"2024-03-30T17:22:01","date_gmt":"2024-03-30T16:22:01","guid":{"rendered":"https:\/\/nuancesplurielles.com\/mon-compte\/"},"modified":"2024-06-14T15:48:36","modified_gmt":"2024-06-14T13:48:36","slug":"mon-compte","status":"publish","type":"page","link":"https:\/\/nuancesplurielles.com\/en\/mon-compte\/","title":{"rendered":"My account"},"content":{"rendered":"<div data-elementor-type=\"wp-page\" data-elementor-id=\"55\" class=\"elementor elementor-55\" data-elementor-post-type=\"page\">\n\t\t\t\t<div class=\"elementor-element elementor-element-30361409 e-flex e-con-boxed e-con e-parent\" data-id=\"30361409\" data-element_type=\"container\" data-e-type=\"container\">\n\t\t\t\t\t<div class=\"e-con-inner\">\n\t\t<div class=\"elementor-element elementor-element-4f244095 e-con-full e-flex e-con e-child\" data-id=\"4f244095\" data-element_type=\"container\" data-e-type=\"container\">\n\t\t\t\t<div class=\"elementor-element elementor-element-45fd561 elementor-widget__width-inherit elementor-widget elementor-widget-heading\" data-id=\"45fd561\" data-element_type=\"widget\" data-e-type=\"widget\" data-widget_type=\"heading.default\">\n\t\t\t\t<div class=\"elementor-widget-container\">\n\t\t\t\t\t<h2 class=\"elementor-heading-title elementor-size-default\">My account dashboard<\/h2>\t\t\t\t<\/div>\n\t\t\t\t<\/div>\n\t\t\t\t<\/div>\n\t\t<div class=\"elementor-element elementor-element-3da63e1 e-con-full e-flex e-con e-child\" data-id=\"3da63e1\" data-element_type=\"container\" data-e-type=\"container\">\n\t\t\t\t<div class=\"elementor-element elementor-element-0f94a0b elementor-nav-menu__align-center elementor-nav-menu--dropdown-none elementor-widget elementor-widget-nav-menu\" data-id=\"0f94a0b\" data-element_type=\"widget\" data-e-type=\"widget\" data-settings=\"{&quot;layout&quot;:&quot;horizontal&quot;,&quot;submenu_icon&quot;:{&quot;value&quot;:&quot;&lt;i class=\\&quot;fas fa-caret-down\\&quot; aria-hidden=\\&quot;true\\&quot;&gt;&lt;\\\/i&gt;&quot;,&quot;library&quot;:&quot;fa-solid&quot;}}\" data-widget_type=\"nav-menu.default\">\n\t\t\t\t<div class=\"elementor-widget-container\">\n\t\t\t\t\t\t\t\t<nav aria-label=\"Menu\" class=\"elementor-nav-menu--main elementor-nav-menu__container elementor-nav-menu--layout-horizontal e--pointer-none\">\n\t\t\t\t<ul id=\"menu-1-0f94a0b\" class=\"elementor-nav-menu\"><li class=\"menu-item menu-item-type-custom menu-item-object-custom menu-item-5647\"><a href=\"https:\/\/nuancesplurielles.com\/en\/mon-compte\/orders\/\" class=\"elementor-item\">MY ORDERS<\/a><\/li>\n<li class=\"menu-item menu-item-type-custom menu-item-object-custom menu-item-5648\"><a href=\"https:\/\/nuancesplurielles.com\/en\/mon-compte\/edit-address\/\" class=\"elementor-item\">Addresses<\/a><\/li>\n<li class=\"menu-item menu-item-type-custom menu-item-object-custom menu-item-5649\"><a href=\"https:\/\/nuancesplurielles.com\/en\/mon-compte\/edit-account\/\" class=\"elementor-item\">Profil<\/a><\/li>\n<\/ul>\t\t\t<\/nav>\n\t\t\t\t\t\t<nav class=\"elementor-nav-menu--dropdown elementor-nav-menu__container\" aria-hidden=\"true\">\n\t\t\t\t<ul id=\"menu-2-0f94a0b\" class=\"elementor-nav-menu\"><li class=\"menu-item menu-item-type-custom menu-item-object-custom menu-item-5647\"><a href=\"https:\/\/nuancesplurielles.com\/en\/mon-compte\/orders\/\" class=\"elementor-item\" tabindex=\"-1\">MY ORDERS<\/a><\/li>\n<li class=\"menu-item menu-item-type-custom menu-item-object-custom menu-item-5648\"><a href=\"https:\/\/nuancesplurielles.com\/en\/mon-compte\/edit-address\/\" class=\"elementor-item\" tabindex=\"-1\">Addresses<\/a><\/li>\n<li class=\"menu-item menu-item-type-custom menu-item-object-custom menu-item-5649\"><a href=\"https:\/\/nuancesplurielles.com\/en\/mon-compte\/edit-account\/\" class=\"elementor-item\" tabindex=\"-1\">Profil<\/a><\/li>\n<\/ul>\t\t\t<\/nav>\n\t\t\t\t\t\t<\/div>\n\t\t\t\t<\/div>\n\t\t\t\t<\/div>\n\t\t<div class=\"elementor-element elementor-element-6d1225c e-flex e-con-boxed e-con e-child\" data-id=\"6d1225c\" data-element_type=\"container\" data-e-type=\"container\">\n\t\t\t\t\t<div class=\"e-con-inner\">\n\t\t\t\t<div class=\"elementor-element elementor-element-77c297c e-my-account-tabs-horizontal elementor-widget elementor-widget-woocommerce-my-account\" data-id=\"77c297c\" data-element_type=\"widget\" data-e-type=\"widget\" data-widget_type=\"woocommerce-my-account.default\">\n\t\t\t\t<div class=\"elementor-widget-container\">\n\t\t\t\t\t<div class=\"e-my-account-tab e-my-account-tab__\">\t\t\t<div class=\"woocommerce\"><\/div>\t\t<\/div>\n\t\t\t\t\t\t<\/div>\n\t\t\t\t<\/div>\n\t\t\t\t<div class=\"elementor-element elementor-element-3c559d2 elementor-nav-menu__align-center elementor-nav-menu--dropdown-none elementor-widget elementor-widget-nav-menu\" data-id=\"3c559d2\" data-element_type=\"widget\" data-e-type=\"widget\" data-settings=\"{&quot;layout&quot;:&quot;horizontal&quot;,&quot;submenu_icon&quot;:{&quot;value&quot;:&quot;&lt;i class=\\&quot;fas fa-caret-down\\&quot; aria-hidden=\\&quot;true\\&quot;&gt;&lt;\\\/i&gt;&quot;,&quot;library&quot;:&quot;fa-solid&quot;}}\" data-widget_type=\"nav-menu.default\">\n\t\t\t\t<div class=\"elementor-widget-container\">\n\t\t\t\t\t\t\t\t<nav aria-label=\"Menu\" class=\"elementor-nav-menu--main elementor-nav-menu__container elementor-nav-menu--layout-horizontal e--pointer-none\">\n\t\t\t\t<ul id=\"menu-1-3c559d2\" class=\"elementor-nav-menu\"><li class=\"menu-item menu-item-type-custom menu-item-object-custom menu-item-5739\"><a href=\"https:\/\/nuancesplurielles.com\/en\/mon-compte\/lost-password\/\" class=\"elementor-item\">LOST PASSWORD<\/a><\/li>\n<li class=\"menu-item menu-item-type-custom menu-item-object-custom menu-item-8206\"><a href=\"https:\/\/nuancesplurielles.com\/en\/mon-compte\/wpf-delete-account\/\" class=\"elementor-item\">DELETE MY ACCOUNT<\/a><\/li>\n<\/ul>\t\t\t<\/nav>\n\t\t\t\t\t\t<nav class=\"elementor-nav-menu--dropdown elementor-nav-menu__container\" aria-hidden=\"true\">\n\t\t\t\t<ul id=\"menu-2-3c559d2\" class=\"elementor-nav-menu\"><li class=\"menu-item menu-item-type-custom menu-item-object-custom menu-item-5739\"><a href=\"https:\/\/nuancesplurielles.com\/en\/mon-compte\/lost-password\/\" class=\"elementor-item\" tabindex=\"-1\">LOST PASSWORD<\/a><\/li>\n<li class=\"menu-item menu-item-type-custom menu-item-object-custom menu-item-8206\"><a href=\"https:\/\/nuancesplurielles.com\/en\/mon-compte\/wpf-delete-account\/\" class=\"elementor-item\" tabindex=\"-1\">DELETE MY ACCOUNT<\/a><\/li>\n<\/ul>\t\t\t<\/nav>\n\t\t\t\t\t\t<\/div>\n\t\t\t\t<\/div>\n\t\t\t\t\t<\/div>\n\t\t\t\t<\/div>\n\t\t\t\t\t<\/div>\n\t\t\t\t<\/div>\n\t\t<div class=\"elementor-element elementor-element-c4ff212 e-con-full e-flex e-con e-parent\" data-id=\"c4ff212\" data-element_type=\"container\" data-e-type=\"container\">\n\t\t<div class=\"elementor-element elementor-element-242c8669 e-con-full e-flex e-con e-child\" data-id=\"242c8669\" data-element_type=\"container\" data-e-type=\"container\">\n\t\t\t\t<div class=\"elementor-element elementor-element-5d19854f elementor-widget elementor-widget-shortcode\" data-id=\"5d19854f\" data-element_type=\"widget\" data-e-type=\"widget\" data-widget_type=\"shortcode.default\">\n\t\t\t\t<div class=\"elementor-widget-container\">\n\t\t\t\t\t\t\t<div class=\"elementor-shortcode\"> <div class=\"woocommerce\"><\/div>  <\/div>\n\t\t\t\t\t\t<\/div>\n\t\t\t\t<\/div>\n\t\t\t\t<\/div>\n\t\t\t\t<\/div>\n\t\t\t\t<\/div>","protected":false},"excerpt":{"rendered":"<p>Mon espace compte Commandes Commandes Commandes Commandes Moyens de paiement Commandes Supprimer mon compte Commandes Commandes Commandes Commandes Moyens de paiement Commandes Supprimer mon compte Bonjour Hedi (vous n\u2019\u00eates pas Hedi\u00a0? D\u00e9connexion) \u00c0 partir du tableau de bord de votre compte, vous pouvez visualiser vos commandes r\u00e9centes, g\u00e9rer vos adresses de livraison et de facturation [&hellip;]<\/p>\n","protected":false},"author":1,"featured_media":0,"parent":0,"menu_order":0,"comment_status":"closed","ping_status":"closed","template":"","meta":{"_acf_changed":false,"_monsterinsights_skip_tracking":false,"_monsterinsights_sitenote_active":false,"_monsterinsights_sitenote_note":"","_monsterinsights_sitenote_category":0,"footnotes":""},"folder":[],"class_list":["post-55","page","type-page","status-publish","hentry"],"acf":[],"aioseo_notices":[],"_links":{"self":[{"href":"https:\/\/nuancesplurielles.com\/en\/wp-json\/wp\/v2\/pages\/55","targetHints":{"allow":["GET"]}}],"collection":[{"href":"https:\/\/nuancesplurielles.com\/en\/wp-json\/wp\/v2\/pages"}],"about":[{"href":"https:\/\/nuancesplurielles.com\/en\/wp-json\/wp\/v2\/types\/page"}],"author":[{"embeddable":true,"href":"https:\/\/nuancesplurielles.com\/en\/wp-json\/wp\/v2\/users\/1"}],"replies":[{"embeddable":true,"href":"https:\/\/nuancesplurielles.com\/en\/wp-json\/wp\/v2\/comments?post=55"}],"version-history":[{"count":84,"href":"https:\/\/nuancesplurielles.com\/en\/wp-json\/wp\/v2\/pages\/55\/revisions"}],"predecessor-version":[{"id":8273,"href":"https:\/\/nuancesplurielles.com\/en\/wp-json\/wp\/v2\/pages\/55\/revisions\/8273"}],"wp:attachment":[{"href":"https:\/\/nuancesplurielles.com\/en\/wp-json\/wp\/v2\/media?parent=55"}],"wp:term":[{"taxonomy":"folder","embeddable":true,"href":"https:\/\/nuancesplurielles.com\/en\/wp-json\/wp\/v2\/folder?post=55"}],"curies":[{"name":"wp","href":"https:\/\/api.w.org\/{rel}","templated":true}]}}