{"id":125,"date":"2024-03-30T18:38:39","date_gmt":"2024-03-30T17:38:39","guid":{"rendered":"https:\/\/nuancesplurielles.com\/?post_type=product&#038;p=125"},"modified":"2024-12-30T12:02:03","modified_gmt":"2024-12-30T11:02:03","slug":"bambini-blk","status":"publish","type":"product","link":"https:\/\/nuancesplurielles.com\/en\/product\/bambini-blk\/","title":{"rendered":"BAMBINI BLK"},"content":{"rendered":"<p>Bambini Blk is an abstract, monochrome artwork created in 2021. <\/p>\n<p>C&#8217;est une \u0153uvre inspir\u00e9e du c\u00e9l\u00e8bre personnage de Disney, symbole de l&#8217;enfance et de l\u2019innocence. <br \/>\nIt invites the viewer to reflect on memory by evoking the sweet memories of youth. <\/p>\n<p>The black and white tones capture the shadow of Bambi through a negative effect. <br \/> <br \/>\nL\u2019utilisation de cette technique cr\u00e9e une atmosph\u00e8re onirique et myst\u00e9rieuse, o\u00f9 la silhouette d\u00e9licate de l&#8217;animal se fond dans un arri\u00e8re-plan abstrait.<\/p>\n<p>Printed on high-quality material, this artwork becomes timeless, allowing you to add color and style to your interior decor. <\/p>","protected":false},"excerpt":{"rendered":"<p>Photo print on 250g\/m\u00b2 glossy paper<\/p>","protected":false},"featured_media":3717,"template":"","meta":{"_acf_changed":false,"_monsterinsights_skip_tracking":false,"_monsterinsights_sitenote_active":false,"_monsterinsights_sitenote_note":"","_monsterinsights_sitenote_category":0},"product_brand":[],"product_cat":[23,24,19],"product_tag":[26],"class_list":{"0":"post-125","1":"product","2":"type-product","3":"status-publish","4":"has-post-thumbnail","6":"product_cat-hedi","7":"product_cat-prints","8":"product_cat-voir-tout","9":"product_tag-prints","10":"pa_artiste-hedi","12":"first","13":"instock","14":"shipping-taxable","15":"purchasable","16":"product-type-variable","17":"has-default-attributes"},"acf":[],"aioseo_notices":[],"_links":{"self":[{"href":"https:\/\/nuancesplurielles.com\/en\/wp-json\/wp\/v2\/product\/125","targetHints":{"allow":["GET"]}}],"collection":[{"href":"https:\/\/nuancesplurielles.com\/en\/wp-json\/wp\/v2\/product"}],"about":[{"href":"https:\/\/nuancesplurielles.com\/en\/wp-json\/wp\/v2\/types\/product"}],"wp:featuredmedia":[{"embeddable":true,"href":"https:\/\/nuancesplurielles.com\/en\/wp-json\/wp\/v2\/media\/3717"}],"wp:attachment":[{"href":"https:\/\/nuancesplurielles.com\/en\/wp-json\/wp\/v2\/media?parent=125"}],"wp:term":[{"taxonomy":"product_brand","embeddable":true,"href":"https:\/\/nuancesplurielles.com\/en\/wp-json\/wp\/v2\/product_brand?post=125"},{"taxonomy":"product_cat","embeddable":true,"href":"https:\/\/nuancesplurielles.com\/en\/wp-json\/wp\/v2\/product_cat?post=125"},{"taxonomy":"product_tag","embeddable":true,"href":"https:\/\/nuancesplurielles.com\/en\/wp-json\/wp\/v2\/product_tag?post=125"}],"curies":[{"name":"wp","href":"https:\/\/api.w.org\/{rel}","templated":true}]}}