{"id":129,"date":"2024-03-30T18:38:39","date_gmt":"2024-03-30T17:38:39","guid":{"rendered":"https:\/\/nuancesplurielles.com\/?post_type=product&#038;p=129"},"modified":"2024-12-30T11:59:23","modified_gmt":"2024-12-30T10:59:23","slug":"cielo","status":"publish","type":"product","link":"https:\/\/nuancesplurielles.com\/en\/product\/cielo\/","title":{"rendered":"CIELO"},"content":{"rendered":"<p>Cielo est une oeuvre abstraite r\u00e9alis\u00e9e en 2022 qui repr\u00e9sente la beaut\u00e9 du ciel \u00e0 travers des techniques simul\u00e9es d&#8217;aquarelle.<\/p>\n<p>Shades of blue, gray, and white intertwine with pink to create effects of light and depth, evoking clouds. <\/p>\n<p>La  transition subtile des gradients ainsi  que l&#8217;absence de contours nets renforce la l\u00e9g\u00e8ret\u00e9 de la composition. <\/p>\n<p>Cette \u0153uvre, \u00e0 la fois apaisante et dynamique, \u00e9voque l&#8217;immensit\u00e9 et la tranquillit\u00e9 du ciel.<\/p>\n<p>Printed on high-quality material, this artwork becomes timeless, allowing you to add color and style to your interior decor.<\/p>","protected":false},"excerpt":{"rendered":"<p>Photo print on 250g\/m\u00b2 glossy paper<\/p>","protected":false},"featured_media":3225,"template":"","meta":{"_acf_changed":false,"_monsterinsights_skip_tracking":false,"_monsterinsights_sitenote_active":false,"_monsterinsights_sitenote_note":"","_monsterinsights_sitenote_category":0},"product_brand":[],"product_cat":[23,24,19],"product_tag":[26],"class_list":{"0":"post-129","1":"product","2":"type-product","3":"status-publish","4":"has-post-thumbnail","6":"product_cat-hedi","7":"product_cat-prints","8":"product_cat-voir-tout","9":"product_tag-prints","10":"pa_artiste-hedi","12":"first","13":"instock","14":"shipping-taxable","15":"purchasable","16":"product-type-variable","17":"has-default-attributes"},"acf":[],"aioseo_notices":[],"_links":{"self":[{"href":"https:\/\/nuancesplurielles.com\/en\/wp-json\/wp\/v2\/product\/129","targetHints":{"allow":["GET"]}}],"collection":[{"href":"https:\/\/nuancesplurielles.com\/en\/wp-json\/wp\/v2\/product"}],"about":[{"href":"https:\/\/nuancesplurielles.com\/en\/wp-json\/wp\/v2\/types\/product"}],"wp:featuredmedia":[{"embeddable":true,"href":"https:\/\/nuancesplurielles.com\/en\/wp-json\/wp\/v2\/media\/3225"}],"wp:attachment":[{"href":"https:\/\/nuancesplurielles.com\/en\/wp-json\/wp\/v2\/media?parent=129"}],"wp:term":[{"taxonomy":"product_brand","embeddable":true,"href":"https:\/\/nuancesplurielles.com\/en\/wp-json\/wp\/v2\/product_brand?post=129"},{"taxonomy":"product_cat","embeddable":true,"href":"https:\/\/nuancesplurielles.com\/en\/wp-json\/wp\/v2\/product_cat?post=129"},{"taxonomy":"product_tag","embeddable":true,"href":"https:\/\/nuancesplurielles.com\/en\/wp-json\/wp\/v2\/product_tag?post=129"}],"curies":[{"name":"wp","href":"https:\/\/api.w.org\/{rel}","templated":true}]}}