{"id":130,"date":"2024-03-30T18:38:39","date_gmt":"2024-03-30T17:38:39","guid":{"rendered":"https:\/\/nuancesplurielles.com\/?post_type=product&#038;p=130"},"modified":"2024-12-30T14:50:55","modified_gmt":"2024-12-30T13:50:55","slug":"reddish","status":"publish","type":"product","link":"https:\/\/nuancesplurielles.com\/en\/product\/reddish\/","title":{"rendered":"REDDISH"},"content":{"rendered":"<p>Reddish is an abstract artwork created in 2022. <\/p>\n<p>C&#8217;est la version original de \u00ab Rainbow \u00bb. Cette \u0153uvre, cr\u00e9\u00e9e par les techniques simul\u00e9es de l\u2019aquarelle, joue avec les teintes chaudes: le fuchsia,  l\u2019orange mais \u00e9galement l\u2019omnipr\u00e9sence du rouge. Cette cr\u00e9ation propose un jeu subtil de nuances afin de cr\u00e9er une ambiance intense et chaleureuse \u00e9voquant les \u00e9motions de l\u2019amour et de la passion. <\/p>\n<p>This modern artwork is an integral part of the artist's universe, as it features a sense of movement, fluidity in the shapes, and a focus on textures. <\/p>\n<p>With its warm and vibrant colors, Reddish will warm up your interior, creating a cozy and inviting environment. <\/p>\n<p>Printed on high-quality material, this artwork becomes timeless, allowing you to add color and style to your interior decor. <\/p>","protected":false},"excerpt":{"rendered":"<p>Photo print on 250g\/m\u00b2 glossy paper<\/p>","protected":false},"featured_media":3849,"template":"","meta":{"_acf_changed":false,"_monsterinsights_skip_tracking":false,"_monsterinsights_sitenote_active":false,"_monsterinsights_sitenote_note":"","_monsterinsights_sitenote_category":0},"product_brand":[],"product_cat":[23,24,19],"product_tag":[26],"class_list":{"0":"post-130","1":"product","2":"type-product","3":"status-publish","4":"has-post-thumbnail","6":"product_cat-hedi","7":"product_cat-prints","8":"product_cat-voir-tout","9":"product_tag-prints","10":"pa_artiste-hedi","12":"first","13":"instock","14":"shipping-taxable","15":"purchasable","16":"product-type-variable","17":"has-default-attributes"},"acf":[],"aioseo_notices":[],"_links":{"self":[{"href":"https:\/\/nuancesplurielles.com\/en\/wp-json\/wp\/v2\/product\/130","targetHints":{"allow":["GET"]}}],"collection":[{"href":"https:\/\/nuancesplurielles.com\/en\/wp-json\/wp\/v2\/product"}],"about":[{"href":"https:\/\/nuancesplurielles.com\/en\/wp-json\/wp\/v2\/types\/product"}],"wp:featuredmedia":[{"embeddable":true,"href":"https:\/\/nuancesplurielles.com\/en\/wp-json\/wp\/v2\/media\/3849"}],"wp:attachment":[{"href":"https:\/\/nuancesplurielles.com\/en\/wp-json\/wp\/v2\/media?parent=130"}],"wp:term":[{"taxonomy":"product_brand","embeddable":true,"href":"https:\/\/nuancesplurielles.com\/en\/wp-json\/wp\/v2\/product_brand?post=130"},{"taxonomy":"product_cat","embeddable":true,"href":"https:\/\/nuancesplurielles.com\/en\/wp-json\/wp\/v2\/product_cat?post=130"},{"taxonomy":"product_tag","embeddable":true,"href":"https:\/\/nuancesplurielles.com\/en\/wp-json\/wp\/v2\/product_tag?post=130"}],"curies":[{"name":"wp","href":"https:\/\/api.w.org\/{rel}","templated":true}]}}