{"id":132,"date":"2024-03-30T18:38:40","date_gmt":"2024-03-30T17:38:40","guid":{"rendered":"https:\/\/nuancesplurielles.com\/?post_type=product&#038;p=132"},"modified":"2024-12-30T11:59:26","modified_gmt":"2024-12-30T10:59:26","slug":"orange-pattern","status":"publish","type":"product","link":"https:\/\/nuancesplurielles.com\/en\/product\/orange-pattern\/","title":{"rendered":"ORANGE PATTERN"},"content":{"rendered":"<p>Orange Pattern is an abstract artwork created in 2016.<\/p>\n<p>It uses a minimalist yet powerful palette of three colors: white, orange, and brown. <\/p>\n<p>Ces teintes s\u2019entrelacent dans des motifs g\u00e9om\u00e9triques inspir\u00e9s de l&#8217;art moderne des ann\u00e9es 70.<\/p>\n<p>The addition of grain gives the piece a vintage character, reminiscent of the imperfections found in analog media.<\/p>\n<p>This composition, both retro and contemporary, nostalgically evokes an iconic period in design.<\/p>\n<p>Printed on high-quality material, this artwork becomes timeless, allowing you to add color and style to your interior decor. <\/p>","protected":false},"excerpt":{"rendered":"<p>Photo print on 250g\/m\u00b2 glossy paper<\/p>","protected":false},"featured_media":4123,"template":"","meta":{"_acf_changed":false,"_monsterinsights_skip_tracking":false,"_monsterinsights_sitenote_active":false,"_monsterinsights_sitenote_note":"","_monsterinsights_sitenote_category":0},"product_brand":[],"product_cat":[23,24,19],"product_tag":[26],"class_list":{"0":"post-132","1":"product","2":"type-product","3":"status-publish","4":"has-post-thumbnail","6":"product_cat-hedi","7":"product_cat-prints","8":"product_cat-voir-tout","9":"product_tag-prints","10":"pa_artiste-hedi","12":"first","13":"instock","14":"shipping-taxable","15":"purchasable","16":"product-type-variable","17":"has-default-attributes"},"acf":[],"aioseo_notices":[],"_links":{"self":[{"href":"https:\/\/nuancesplurielles.com\/en\/wp-json\/wp\/v2\/product\/132","targetHints":{"allow":["GET"]}}],"collection":[{"href":"https:\/\/nuancesplurielles.com\/en\/wp-json\/wp\/v2\/product"}],"about":[{"href":"https:\/\/nuancesplurielles.com\/en\/wp-json\/wp\/v2\/types\/product"}],"wp:featuredmedia":[{"embeddable":true,"href":"https:\/\/nuancesplurielles.com\/en\/wp-json\/wp\/v2\/media\/4123"}],"wp:attachment":[{"href":"https:\/\/nuancesplurielles.com\/en\/wp-json\/wp\/v2\/media?parent=132"}],"wp:term":[{"taxonomy":"product_brand","embeddable":true,"href":"https:\/\/nuancesplurielles.com\/en\/wp-json\/wp\/v2\/product_brand?post=132"},{"taxonomy":"product_cat","embeddable":true,"href":"https:\/\/nuancesplurielles.com\/en\/wp-json\/wp\/v2\/product_cat?post=132"},{"taxonomy":"product_tag","embeddable":true,"href":"https:\/\/nuancesplurielles.com\/en\/wp-json\/wp\/v2\/product_tag?post=132"}],"curies":[{"name":"wp","href":"https:\/\/api.w.org\/{rel}","templated":true}]}}