{"id":143,"date":"2024-03-30T18:38:41","date_gmt":"2024-03-30T17:38:41","guid":{"rendered":"https:\/\/nuancesplurielles.com\/?post_type=product&#038;p=143"},"modified":"2024-12-30T13:38:44","modified_gmt":"2024-12-30T12:38:44","slug":"rainbow","status":"publish","type":"product","link":"https:\/\/nuancesplurielles.com\/en\/product\/rainbow\/","title":{"rendered":"RAINBOW"},"content":{"rendered":"<p>Rainbow is an abstract artwork created in 2023. <\/p>\n<p>&#8220;RAINBOW&#8221; est une \u0153uvre lumineuse qui explore les nuances et les d\u00e9grad\u00e9s de couleur pour repr\u00e9senter la beaut\u00e9 du ciel. <\/p>\n<p>The vibrant color palette\u2014gradients of pink, orange, and yellow\u2014depicts a rainbow, a symbol of harmony and diversity. The artist, Hedi, manages to create a sense of movement, as if the colors are dancing together, by playing with fluid shapes and color overlays. This lightness is also influenced by simulated watercolor techniques. <\/p>\n<p>This artwork, both joyful and radiant, brightens the viewer, evoking positive emotions and happy memories. <\/p>\n<p>Printed on high-quality material, this artwork becomes timeless, allowing you to add color and style to your interior decor. <\/p>","protected":false},"excerpt":{"rendered":"<p>Photo print on 250g\/m\u00b2 glossy paper<\/p>","protected":false},"featured_media":3845,"template":"","meta":{"_acf_changed":false,"_monsterinsights_skip_tracking":false,"_monsterinsights_sitenote_active":false,"_monsterinsights_sitenote_note":"","_monsterinsights_sitenote_category":0},"product_brand":[],"product_cat":[23,24,19],"product_tag":[26],"class_list":{"0":"post-143","1":"product","2":"type-product","3":"status-publish","4":"has-post-thumbnail","6":"product_cat-hedi","7":"product_cat-prints","8":"product_cat-voir-tout","9":"product_tag-prints","10":"pa_artiste-hedi","12":"first","13":"instock","14":"shipping-taxable","15":"purchasable","16":"product-type-variable","17":"has-default-attributes"},"acf":[],"aioseo_notices":[],"_links":{"self":[{"href":"https:\/\/nuancesplurielles.com\/en\/wp-json\/wp\/v2\/product\/143","targetHints":{"allow":["GET"]}}],"collection":[{"href":"https:\/\/nuancesplurielles.com\/en\/wp-json\/wp\/v2\/product"}],"about":[{"href":"https:\/\/nuancesplurielles.com\/en\/wp-json\/wp\/v2\/types\/product"}],"wp:featuredmedia":[{"embeddable":true,"href":"https:\/\/nuancesplurielles.com\/en\/wp-json\/wp\/v2\/media\/3845"}],"wp:attachment":[{"href":"https:\/\/nuancesplurielles.com\/en\/wp-json\/wp\/v2\/media?parent=143"}],"wp:term":[{"taxonomy":"product_brand","embeddable":true,"href":"https:\/\/nuancesplurielles.com\/en\/wp-json\/wp\/v2\/product_brand?post=143"},{"taxonomy":"product_cat","embeddable":true,"href":"https:\/\/nuancesplurielles.com\/en\/wp-json\/wp\/v2\/product_cat?post=143"},{"taxonomy":"product_tag","embeddable":true,"href":"https:\/\/nuancesplurielles.com\/en\/wp-json\/wp\/v2\/product_tag?post=143"}],"curies":[{"name":"wp","href":"https:\/\/api.w.org\/{rel}","templated":true}]}}