{"id":151,"date":"2024-03-30T18:38:42","date_gmt":"2024-03-30T17:38:42","guid":{"rendered":"https:\/\/nuancesplurielles.com\/?post_type=product&#038;p=151"},"modified":"2024-12-30T14:48:31","modified_gmt":"2024-12-30T13:48:31","slug":"splash","status":"publish","type":"product","link":"https:\/\/nuancesplurielles.com\/en\/product\/splash\/","title":{"rendered":"SPLASH"},"content":{"rendered":"<p>SPLASH is an abstract, monochrome artwork created in 2022. <\/p>\n<p>C&#8217;est une \u0153uvre en noir et blanc, symbolisant les \u00e9claboussures comme jaillissements de la cr\u00e9ation et de la pens\u00e9e. <\/p>\n<p>L&#8217;artiste utilise des contrastes puissants pour cr\u00e9er un effet de mouvement saisissant, o\u00f9 les formes fusionnent et se propagent sur la toile. Le traitement monochrome renforce l\u2019 intensit\u00e9 visuelle tout en mettant en valeur les textures et les lumi\u00e8res. <\/p>\n<p>This artwork reflects both the brutality and elegance inherent to abstraction. <\/p>\n<p>Printed on high-quality material, this artwork becomes timeless, allowing you to add color and style to your interior decor. <\/p>","protected":false},"excerpt":{"rendered":"<p>Photo print on 250g\/m\u00b2 glossy paper<\/p>","protected":false},"featured_media":4112,"template":"","meta":{"_acf_changed":false,"_monsterinsights_skip_tracking":false,"_monsterinsights_sitenote_active":false,"_monsterinsights_sitenote_note":"","_monsterinsights_sitenote_category":0},"product_brand":[],"product_cat":[23,24,19],"product_tag":[26],"class_list":{"0":"post-151","1":"product","2":"type-product","3":"status-publish","4":"has-post-thumbnail","6":"product_cat-hedi","7":"product_cat-prints","8":"product_cat-voir-tout","9":"product_tag-prints","10":"pa_artiste-hedi","12":"first","13":"instock","14":"shipping-taxable","15":"purchasable","16":"product-type-variable","17":"has-default-attributes"},"acf":[],"aioseo_notices":[],"_links":{"self":[{"href":"https:\/\/nuancesplurielles.com\/en\/wp-json\/wp\/v2\/product\/151","targetHints":{"allow":["GET"]}}],"collection":[{"href":"https:\/\/nuancesplurielles.com\/en\/wp-json\/wp\/v2\/product"}],"about":[{"href":"https:\/\/nuancesplurielles.com\/en\/wp-json\/wp\/v2\/types\/product"}],"wp:featuredmedia":[{"embeddable":true,"href":"https:\/\/nuancesplurielles.com\/en\/wp-json\/wp\/v2\/media\/4112"}],"wp:attachment":[{"href":"https:\/\/nuancesplurielles.com\/en\/wp-json\/wp\/v2\/media?parent=151"}],"wp:term":[{"taxonomy":"product_brand","embeddable":true,"href":"https:\/\/nuancesplurielles.com\/en\/wp-json\/wp\/v2\/product_brand?post=151"},{"taxonomy":"product_cat","embeddable":true,"href":"https:\/\/nuancesplurielles.com\/en\/wp-json\/wp\/v2\/product_cat?post=151"},{"taxonomy":"product_tag","embeddable":true,"href":"https:\/\/nuancesplurielles.com\/en\/wp-json\/wp\/v2\/product_tag?post=151"}],"curies":[{"name":"wp","href":"https:\/\/api.w.org\/{rel}","templated":true}]}}