{"id":152,"date":"2024-03-30T18:38:42","date_gmt":"2024-03-30T17:38:42","guid":{"rendered":"https:\/\/nuancesplurielles.com\/?post_type=product&#038;p=152"},"modified":"2024-12-21T14:38:19","modified_gmt":"2024-12-21T13:38:19","slug":"floralz","status":"publish","type":"product","link":"https:\/\/nuancesplurielles.com\/en\/product\/floralz\/","title":{"rendered":"FLORALZ"},"content":{"rendered":"<p>Floral Bnw is an abstract artwork created in 2023.<\/p>\n<p>&#8220;Floralz&#8221; est une \u0153uvre vibrante o\u00f9 des motifs floraux abstraits se d\u00e9ploient dans une explosion de couleurs. Les teintes d&#8217;orange et de violet lavande se m\u00e9langent harmonieusement, cr\u00e9ant une composition \u00e9clatante de couleurs.<\/p>\n<p>Les motifs floraux donnent \u00e0 l&#8217;oeuvre un aspect plus figuratif que les autres pi\u00e8ces de l&#8217;artiste. Les diff\u00e9rents \u00e9l\u00e9ments de cette composition semblent \u00eatre en suspension presque immobiles.<\/p>","protected":false},"excerpt":{"rendered":"<p>Photo print on 250g\/m\u00b2 glossy paper<\/p>","protected":false},"featured_media":3737,"template":"","meta":{"_acf_changed":false,"_monsterinsights_skip_tracking":false,"_monsterinsights_sitenote_active":false,"_monsterinsights_sitenote_note":"","_monsterinsights_sitenote_category":0},"product_brand":[],"product_cat":[23,24,19],"product_tag":[26],"class_list":{"0":"post-152","1":"product","2":"type-product","3":"status-publish","4":"has-post-thumbnail","6":"product_cat-hedi","7":"product_cat-prints","8":"product_cat-voir-tout","9":"product_tag-prints","10":"pa_artiste-hedi","12":"first","13":"instock","14":"shipping-taxable","15":"purchasable","16":"product-type-variable","17":"has-default-attributes"},"acf":[],"aioseo_notices":[],"_links":{"self":[{"href":"https:\/\/nuancesplurielles.com\/en\/wp-json\/wp\/v2\/product\/152","targetHints":{"allow":["GET"]}}],"collection":[{"href":"https:\/\/nuancesplurielles.com\/en\/wp-json\/wp\/v2\/product"}],"about":[{"href":"https:\/\/nuancesplurielles.com\/en\/wp-json\/wp\/v2\/types\/product"}],"wp:featuredmedia":[{"embeddable":true,"href":"https:\/\/nuancesplurielles.com\/en\/wp-json\/wp\/v2\/media\/3737"}],"wp:attachment":[{"href":"https:\/\/nuancesplurielles.com\/en\/wp-json\/wp\/v2\/media?parent=152"}],"wp:term":[{"taxonomy":"product_brand","embeddable":true,"href":"https:\/\/nuancesplurielles.com\/en\/wp-json\/wp\/v2\/product_brand?post=152"},{"taxonomy":"product_cat","embeddable":true,"href":"https:\/\/nuancesplurielles.com\/en\/wp-json\/wp\/v2\/product_cat?post=152"},{"taxonomy":"product_tag","embeddable":true,"href":"https:\/\/nuancesplurielles.com\/en\/wp-json\/wp\/v2\/product_tag?post=152"}],"curies":[{"name":"wp","href":"https:\/\/api.w.org\/{rel}","templated":true}]}}