{"id":169,"date":"2024-03-30T18:39:10","date_gmt":"2024-03-30T17:39:10","guid":{"rendered":"https:\/\/nuancesplurielles.com\/?post_type=product&#038;p=169"},"modified":"2024-12-21T14:04:29","modified_gmt":"2024-12-21T13:04:29","slug":"floral-bnw","status":"publish","type":"product","link":"https:\/\/nuancesplurielles.com\/en\/product\/floral-bnw\/","title":{"rendered":"FLORAL BNW"},"content":{"rendered":"<p>Floral BNW is an abstract and monochromatic artwork created in 2022.<\/p>\n<p>&#8220;Floral BNW&#8221; est une \u0153uvre qui explore des motifs organiques et des formes florales en noir et blanc. Ce tableau joue sur des contrastes subtils et des perspectives qui captivent le regard, \u00e9voquant \u00e0 la fois la nature et la g\u00e9om\u00e9trie.<br \/>\nLa composition rappelle un monde en mutation, o\u00f9 l&#8217;abstraction rencontre le naturel dans une \u00e9l\u00e9gante harmonie.<\/p>","protected":false},"excerpt":{"rendered":"<p>Photo print on 250g\/m\u00b2 glossy paper<\/p>","protected":false},"featured_media":1705,"template":"","meta":{"_acf_changed":false,"_monsterinsights_skip_tracking":false,"_monsterinsights_sitenote_active":false,"_monsterinsights_sitenote_note":"","_monsterinsights_sitenote_category":0},"product_brand":[],"product_cat":[23,24,19],"product_tag":[26],"class_list":{"0":"post-169","1":"product","2":"type-product","3":"status-publish","4":"has-post-thumbnail","6":"product_cat-hedi","7":"product_cat-prints","8":"product_cat-voir-tout","9":"product_tag-prints","10":"pa_artiste-hedi","12":"first","13":"instock","14":"shipping-taxable","15":"purchasable","16":"product-type-variable","17":"has-default-attributes"},"acf":[],"aioseo_notices":[],"_links":{"self":[{"href":"https:\/\/nuancesplurielles.com\/en\/wp-json\/wp\/v2\/product\/169","targetHints":{"allow":["GET"]}}],"collection":[{"href":"https:\/\/nuancesplurielles.com\/en\/wp-json\/wp\/v2\/product"}],"about":[{"href":"https:\/\/nuancesplurielles.com\/en\/wp-json\/wp\/v2\/types\/product"}],"wp:featuredmedia":[{"embeddable":true,"href":"https:\/\/nuancesplurielles.com\/en\/wp-json\/wp\/v2\/media\/1705"}],"wp:attachment":[{"href":"https:\/\/nuancesplurielles.com\/en\/wp-json\/wp\/v2\/media?parent=169"}],"wp:term":[{"taxonomy":"product_brand","embeddable":true,"href":"https:\/\/nuancesplurielles.com\/en\/wp-json\/wp\/v2\/product_brand?post=169"},{"taxonomy":"product_cat","embeddable":true,"href":"https:\/\/nuancesplurielles.com\/en\/wp-json\/wp\/v2\/product_cat?post=169"},{"taxonomy":"product_tag","embeddable":true,"href":"https:\/\/nuancesplurielles.com\/en\/wp-json\/wp\/v2\/product_tag?post=169"}],"curies":[{"name":"wp","href":"https:\/\/api.w.org\/{rel}","templated":true}]}}