{"id":170,"date":"2024-03-30T18:39:10","date_gmt":"2024-03-30T17:39:10","guid":{"rendered":"https:\/\/nuancesplurielles.com\/?post_type=product&#038;p=170"},"modified":"2024-12-21T14:00:14","modified_gmt":"2024-12-21T13:00:14","slug":"neu-wave","status":"publish","type":"product","link":"https:\/\/nuancesplurielles.com\/en\/product\/neu-wave\/","title":{"rendered":"NEU WAVE"},"content":{"rendered":"<p>Neu Wave is an abstract and monochromatic artwork created in 2022.<\/p>\n<p>&#8220;Neu Wave&#8221; est une immersion visuelle dans un univers psych\u00e9d\u00e9lique o\u00f9 les ondulations et les contrastes captent le regard et perturbent les perceptions.<br \/>\nCette oeuvre a un style ancr\u00e9 dans l&#8217;art moderne des ann\u00e9es 70, elle repr\u00e9sente un espace d\u00e9pouill\u00e9 de couleur mais riche en texture. Ce tableau en noir et blanc d\u00e9ploie un jeu hypnotique de formes fluides, invitant le spectateur \u00e0 un voyage dans un monde en perp\u00e9tuel mouvement.<\/p>","protected":false},"excerpt":{"rendered":"<p>Photo print on 250g\/m\u00b2 glossy paper<\/p>","protected":false},"featured_media":3068,"template":"","meta":{"_acf_changed":false,"_monsterinsights_skip_tracking":false,"_monsterinsights_sitenote_active":false,"_monsterinsights_sitenote_note":"","_monsterinsights_sitenote_category":0},"product_brand":[],"product_cat":[23,24,19],"product_tag":[26],"class_list":{"0":"post-170","1":"product","2":"type-product","3":"status-publish","4":"has-post-thumbnail","6":"product_cat-hedi","7":"product_cat-prints","8":"product_cat-voir-tout","9":"product_tag-prints","10":"pa_artiste-hedi","12":"first","13":"instock","14":"shipping-taxable","15":"purchasable","16":"product-type-variable","17":"has-default-attributes"},"acf":[],"aioseo_notices":[],"_links":{"self":[{"href":"https:\/\/nuancesplurielles.com\/en\/wp-json\/wp\/v2\/product\/170","targetHints":{"allow":["GET"]}}],"collection":[{"href":"https:\/\/nuancesplurielles.com\/en\/wp-json\/wp\/v2\/product"}],"about":[{"href":"https:\/\/nuancesplurielles.com\/en\/wp-json\/wp\/v2\/types\/product"}],"wp:featuredmedia":[{"embeddable":true,"href":"https:\/\/nuancesplurielles.com\/en\/wp-json\/wp\/v2\/media\/3068"}],"wp:attachment":[{"href":"https:\/\/nuancesplurielles.com\/en\/wp-json\/wp\/v2\/media?parent=170"}],"wp:term":[{"taxonomy":"product_brand","embeddable":true,"href":"https:\/\/nuancesplurielles.com\/en\/wp-json\/wp\/v2\/product_brand?post=170"},{"taxonomy":"product_cat","embeddable":true,"href":"https:\/\/nuancesplurielles.com\/en\/wp-json\/wp\/v2\/product_cat?post=170"},{"taxonomy":"product_tag","embeddable":true,"href":"https:\/\/nuancesplurielles.com\/en\/wp-json\/wp\/v2\/product_tag?post=170"}],"curies":[{"name":"wp","href":"https:\/\/api.w.org\/{rel}","templated":true}]}}