{"id":3741,"date":"2024-04-26T15:47:09","date_gmt":"2024-04-26T13:47:09","guid":{"rendered":"https:\/\/nuancesplurielles.com\/?post_type=product&#038;p=3741"},"modified":"2024-12-21T13:54:43","modified_gmt":"2024-12-21T12:54:43","slug":"floralz-gr","status":"publish","type":"product","link":"https:\/\/nuancesplurielles.com\/en\/product\/floralz-gr\/","title":{"rendered":"FLORALZ GR"},"content":{"rendered":"<p>Floralz GR is an abstract artwork created in 2022.<\/p>\n<p>&#8220;Floralz GR&#8221; est une \u0153uvre qui fusionne des formes florales et des motifs organiques. Cette oeuvre invite le spectateur \u00e0 contempler la nature sous un angle graphique et moderne. Le contraste entre les tonalit\u00e9s vertes subtiles et les nuances douces cr\u00e9e un effect de profondeur et met en valeur les formes naturelles. Ce travail \u00e9voque la croissance, la floraison et la beaut\u00e9 de la nature.<\/p>","protected":false},"excerpt":{"rendered":"<p>Photo print on 250g\/m\u00b2 glossy paper<\/p>","protected":false},"featured_media":3729,"template":"","meta":{"_acf_changed":false,"_monsterinsights_skip_tracking":false,"_monsterinsights_sitenote_active":false,"_monsterinsights_sitenote_note":"","_monsterinsights_sitenote_category":0},"product_brand":[],"product_cat":[23,24,19],"product_tag":[26],"class_list":{"0":"post-3741","1":"product","2":"type-product","3":"status-publish","4":"has-post-thumbnail","6":"product_cat-hedi","7":"product_cat-prints","8":"product_cat-voir-tout","9":"product_tag-prints","10":"pa_artiste-hedi","12":"first","13":"instock","14":"shipping-taxable","15":"purchasable","16":"product-type-variable","17":"has-default-attributes"},"acf":[],"aioseo_notices":[],"_links":{"self":[{"href":"https:\/\/nuancesplurielles.com\/en\/wp-json\/wp\/v2\/product\/3741","targetHints":{"allow":["GET"]}}],"collection":[{"href":"https:\/\/nuancesplurielles.com\/en\/wp-json\/wp\/v2\/product"}],"about":[{"href":"https:\/\/nuancesplurielles.com\/en\/wp-json\/wp\/v2\/types\/product"}],"wp:featuredmedia":[{"embeddable":true,"href":"https:\/\/nuancesplurielles.com\/en\/wp-json\/wp\/v2\/media\/3729"}],"wp:attachment":[{"href":"https:\/\/nuancesplurielles.com\/en\/wp-json\/wp\/v2\/media?parent=3741"}],"wp:term":[{"taxonomy":"product_brand","embeddable":true,"href":"https:\/\/nuancesplurielles.com\/en\/wp-json\/wp\/v2\/product_brand?post=3741"},{"taxonomy":"product_cat","embeddable":true,"href":"https:\/\/nuancesplurielles.com\/en\/wp-json\/wp\/v2\/product_cat?post=3741"},{"taxonomy":"product_tag","embeddable":true,"href":"https:\/\/nuancesplurielles.com\/en\/wp-json\/wp\/v2\/product_tag?post=3741"}],"curies":[{"name":"wp","href":"https:\/\/api.w.org\/{rel}","templated":true}]}}