{"id":4093,"date":"2024-04-30T12:56:05","date_gmt":"2024-04-30T10:56:05","guid":{"rendered":"https:\/\/nuancesplurielles.com\/?post_type=product&#038;p=4093"},"modified":"2024-12-21T13:32:08","modified_gmt":"2024-12-21T12:32:08","slug":"flammes","status":"publish","type":"product","link":"https:\/\/nuancesplurielles.com\/en\/product\/flammes\/","title":{"rendered":"FLAMMES"},"content":{"rendered":"<p>Flammes est une oeuvre abstraite et polychrome r\u00e9alis\u00e9e en 2014.<\/p>\n<p>Ce tableau repr\u00e9sente des formes courb\u00e9es qui \u00e9voquent \u00e0 la fois le mouvement et la transformation. S&#8217;inspirant de l&#8217;esth\u00e9tique des ann\u00e9es 70, l&#8217;\u0153uvre joue avec des nuances chaudes d&#8217;orange, de brun et de jaune, envelopp\u00e9es dans des contours souples, presque psych\u00e9d\u00e9liques.<\/p>\n<p>C&#8217;est une exploration visuelle color\u00e9e et toujours en mouvement.\u00a0Les flammes semblent couler, se m\u00ealer et se disperser, cr\u00e9ant une tension o\u00f9 l&#8217;\u00e9quilibre semble fragile.<\/p>","protected":false},"excerpt":{"rendered":"<p>Photo print on 250g\/m\u00b2 glossy paper<\/p>","protected":false},"featured_media":4104,"template":"","meta":{"_acf_changed":false,"_monsterinsights_skip_tracking":false,"_monsterinsights_sitenote_active":false,"_monsterinsights_sitenote_note":"","_monsterinsights_sitenote_category":0},"product_brand":[],"product_cat":[23,24,19],"product_tag":[26],"class_list":{"0":"post-4093","1":"product","2":"type-product","3":"status-publish","4":"has-post-thumbnail","6":"product_cat-hedi","7":"product_cat-prints","8":"product_cat-voir-tout","9":"product_tag-prints","10":"pa_artiste-hedi","12":"first","13":"instock","14":"shipping-taxable","15":"purchasable","16":"product-type-variable","17":"has-default-attributes"},"acf":[],"aioseo_notices":[],"_links":{"self":[{"href":"https:\/\/nuancesplurielles.com\/en\/wp-json\/wp\/v2\/product\/4093","targetHints":{"allow":["GET"]}}],"collection":[{"href":"https:\/\/nuancesplurielles.com\/en\/wp-json\/wp\/v2\/product"}],"about":[{"href":"https:\/\/nuancesplurielles.com\/en\/wp-json\/wp\/v2\/types\/product"}],"wp:featuredmedia":[{"embeddable":true,"href":"https:\/\/nuancesplurielles.com\/en\/wp-json\/wp\/v2\/media\/4104"}],"wp:attachment":[{"href":"https:\/\/nuancesplurielles.com\/en\/wp-json\/wp\/v2\/media?parent=4093"}],"wp:term":[{"taxonomy":"product_brand","embeddable":true,"href":"https:\/\/nuancesplurielles.com\/en\/wp-json\/wp\/v2\/product_brand?post=4093"},{"taxonomy":"product_cat","embeddable":true,"href":"https:\/\/nuancesplurielles.com\/en\/wp-json\/wp\/v2\/product_cat?post=4093"},{"taxonomy":"product_tag","embeddable":true,"href":"https:\/\/nuancesplurielles.com\/en\/wp-json\/wp\/v2\/product_tag?post=4093"}],"curies":[{"name":"wp","href":"https:\/\/api.w.org\/{rel}","templated":true}]}}